{"id":6083,"date":"2024-10-23T16:58:11","date_gmt":"2024-10-23T21:58:11","guid":{"rendered":"https:\/\/cooperdomo.edu.co\/?page_id=6083"},"modified":"2024-10-23T17:39:29","modified_gmt":"2024-10-23T22:39:29","slug":"comite-de-educacion","status":"publish","type":"page","link":"https:\/\/cooperdomo.edu.co\/index.php\/comite-de-educacion\/","title":{"rendered":"C\u00f3mite de Educaci\u00f3n"},"content":{"rendered":"<div class=\"wpb-content-wrapper\"><p>[vc_row][vc_column][stm_spacing lg_spacing=&#8221;50&#8243; md_spacing=&#8221;50&#8243; sm_spacing=&#8221;50&#8243; xs_spacing=&#8221;50&#8243;][vc_custom_heading text=&#8221;\u00bfQu\u00e9 es el Comit\u00e9 de Educaci\u00f3n?&#8221; font_container=&#8221;tag:h3|text_align:center&#8221; use_theme_fonts=&#8221;yes&#8221; css=&#8221;&#8221;][\/vc_column][\/vc_row][vc_row][vc_column][stm_spacing lg_spacing=&#8221;20&#8243; md_spacing=&#8221;20&#8243; sm_spacing=&#8221;20&#8243; xs_spacing=&#8221;20&#8243;][stm_text_box title_tag=&#8221;h3&#8243;]<\/p>\n<p style=\"text-align: center;\">En <strong>Cooperdomo, el Comit\u00e9 de Educaci\u00f3n juega un papel fundamental<\/strong>,\u00a0 se encarga de <strong>promover y coordinar actividades educativas tanto para los asociados como para la comunidad en general<\/strong> que fomenten el empoderamiento de nuestros asociados, impulsando su desarrollo tanto personal como profesional.<\/p>\n<p style=\"text-align: center;\">Creemos que a trav\u00e9s de la educaci\u00f3n podemos construir una cooperativa m\u00e1s fuerte y\u00a0 comprometida.<\/p>\n<p>[\/stm_text_box][stm_blockquote blockquote_view_style=&#8221;bordered&#8221;]<\/p>\n<h5 style=\"text-align: center;\"><span style=\"color: #008000;\">\u00a1Te invitamos a participar en nuestras actividades y seguir creciendo juntos!<\/span><\/h5>\n<p>[\/stm_blockquote][\/vc_column][\/vc_row][vc_row][vc_column][vc_basic_grid post_type=&#8221;ids&#8221; gap=&#8221;15&#8243; item=&#8221;masonryGrid_IconSlideOut&#8221; initial_loading_animation=&#8221;none&#8221; css=&#8221;&#8221; grid_id=&#8221;vc_gid:1729723185403-1a4a675a8c4b54e53e03d3a4ac7227b6-5&#8243; include=&#8221;6061, 5803&#8243;][\/vc_column][vc_column][stm_spacing lg_spacing=&#8221;20&#8243; md_spacing=&#8221;20&#8243; sm_spacing=&#8221;20&#8243; xs_spacing=&#8221;20&#8243;][\/vc_column][vc_column][stm_text_box title_tag=&#8221;h4&#8243; sep_color=&#8221;custom&#8221; stm_bg_color=&#8221;orange&#8221; sep_enable=&#8221;true&#8221; title=&#8221;\u00bfQuieres aprender m\u00e1s sobre c\u00f3mo aprovechar al m\u00e1ximo los beneficios de ser miembro de nuestra cooperativa Cooperdomo?&#8221; sep_color_custom=&#8221;#81d742&#8243;][\/stm_text_box][\/vc_column][\/vc_row][vc_row][vc_column][vc_column_text css_animation=&#8221;flipInX&#8221; css=&#8221;.vc_custom_1729719232578{padding-right: 50px !important;padding-left: 50px !important;}&#8221;]El <strong>Comit\u00e9 de Educaci\u00f3n<\/strong> ha creado <strong><span style=\"color: #008000;\">videos pedag\u00f3gicos con el fin de fortalecer conceptos b\u00e1sicos de cooperativismo y Econom\u00eda Solidaria en nuestra comunidad<\/span> y de esta manera incentivar la participaci\u00f3n activa de nuestros asociados en nuestros diferentes espacios de participaci\u00f3n como son \ud83d\udc47:<\/strong><\/p>\n<p><span style=\"color: #ff6600;\"><strong>Asamblea General de Asociados, <\/strong><strong>Consejo de Administraci\u00f3n, <\/strong><strong>Junta de Vigilancia y sus diferentes comit\u00e9s, de igual manera consolidar conceptos b\u00e1sicos como: Asociado, Aporte Social, Concepto de Cooperativa entre otros criterios. <\/strong><\/span><\/p>\n<p>A trav\u00e9s de estos contenidos<\/p>\n<ul>\n<li><strong>Entender mejor la cultura cooperativa<\/strong><\/li>\n<li><strong>Aprender sobre la gesti\u00f3n financiera<\/strong> y Administrativa<\/li>\n<li><strong>Herramientas de desarrollo personal y profesional<\/strong><\/li>\n<\/ul>\n<p>[\/vc_column_text][\/vc_column][\/vc_row][vc_row][vc_column][vc_custom_heading text=&#8221;Visita nuestra secci\u00f3n de V\u00eddeos Educativos y educaci\u00f3n es la clave del \u00e9xito colectivo.&#8221; font_container=&#8221;tag:h5|text_align:center|color:%232a890b&#8221; use_theme_fonts=&#8221;yes&#8221; css_animation=&#8221;flipInX&#8221; css=&#8221;.vc_custom_1729722268955{padding-top: 20px !important;padding-right: 20px !important;padding-bottom: 20px !important;padding-left: 20px !important;}&#8221;][vc_text_separator title=&#8221;\u00a1Explora nuestros videos!&#8221; i_type=&#8221;openiconic&#8221; i_icon_openiconic=&#8221;vc-oi vc-oi-video&#8221; i_color=&#8221;green&#8221; i_background_style=&#8221;rounded&#8221; i_size=&#8221;lg&#8221; color=&#8221;green&#8221; css=&#8221;&#8221; add_icon=&#8221;true&#8221;][stm_spacing lg_spacing=&#8221;20&#8243; md_spacing=&#8221;20&#8243; sm_spacing=&#8221;20&#8243; xs_spacing=&#8221;20&#8243;][stm_spacing lg_spacing=&#8221;20&#8243; md_spacing=&#8221;20&#8243; sm_spacing=&#8221;20&#8243; xs_spacing=&#8221;20&#8243;][\/vc_column][\/vc_row][vc_row][vc_column width=&#8221;1\/2&#8243; css=&#8221;.vc_custom_1729720104368{background-color: #b7e5b7 !important;}&#8221;][stm_spacing lg_spacing=&#8221;10&#8243; md_spacing=&#8221;10&#8243; sm_spacing=&#8221;10&#8243; xs_spacing=&#8221;10&#8243;][vc_text_separator title=&#8221;1. \u00bfQu\u00e9 es un asociado?&#8221; i_type=&#8221;entypo&#8221; i_icon_entypo=&#8221;entypo-icon entypo-icon-user-add&#8221; i_color=&#8221;white&#8221; i_background_style=&#8221;rounded&#8221; i_background_color=&#8221;green&#8221; color=&#8221;green&#8221; css=&#8221;&#8221; add_icon=&#8221;true&#8221;][stm_spacing lg_spacing=&#8221;10&#8243; md_spacing=&#8221;10&#8243; sm_spacing=&#8221;10&#8243; xs_spacing=&#8221;10&#8243;][vc_column_text css=&#8221;&#8221;][vc_row][vc_column width=&#8221;1\/1&#8243;][vc_column_text]<\/p>\n\n<figure class=\"wp-block-video\"><video height=\"720\" style=\"aspect-ratio: 1280 \/ 720;\" width=\"1280\" controls src=\"https:\/\/cooperdomo.edu.co\/wp-content\/uploads\/2024\/10\/1.-Ser-parte-de-Cooperdomo.mp4\"><\/video><\/figure>\n[\/vc_column_text][stm_spacing lg_spacing=&#8221;20&#8243; md_spacing=&#8221;20&#8243; sm_spacing=&#8221;20&#8243; xs_spacing=&#8221;20&#8243;][\/vc_column][vc_column width=&#8221;1\/2&#8243; css=&#8221;.vc_custom_1729721915256{background-color: #f4f4f4 !important;}&#8221;][stm_spacing lg_spacing=&#8221;10&#8243; md_spacing=&#8221;10&#8243; sm_spacing=&#8221;10&#8243; xs_spacing=&#8221;10&#8243;][vc_text_separator title=&#8221;2. \u00bfQu\u00e9 es aporte social?&#8221; i_type=&#8221;entypo&#8221; i_icon_entypo=&#8221;entypo-icon entypo-icon-thumbs-up&#8221; i_color=&#8221;white&#8221; i_background_style=&#8221;rounded&#8221; i_background_color=&#8221;green&#8221; color=&#8221;green&#8221; css=&#8221;&#8221; add_icon=&#8221;true&#8221;][stm_spacing lg_spacing=&#8221;10&#8243; md_spacing=&#8221;10&#8243; sm_spacing=&#8221;10&#8243; xs_spacing=&#8221;10&#8243;][vc_column_text]\n<figure class=\"wp-block-video\"><video height=\"720\" style=\"aspect-ratio: 1280 \/ 720;\" width=\"1280\" controls src=\"https:\/\/cooperdomo.edu.co\/wp-content\/uploads\/2024\/10\/2.-Beneficios-de-Cooperdomo.mp4\"><\/video><\/figure>\n[\/vc_column_text][\/vc_column][\/vc_row][vc_row][vc_column][stm_spacing lg_spacing=&#8221;50&#8243; md_spacing=&#8221;50&#8243; sm_spacing=&#8221;50&#8243; xs_spacing=&#8221;50&#8243;][\/vc_column][\/vc_row][vc_row][vc_column width=&#8221;1\/2&#8243; css=&#8221;.vc_custom_1729721893872{background-color: #f4f4f4 !important;}&#8221;][stm_spacing lg_spacing=&#8221;20&#8243; md_spacing=&#8221;20&#8243; sm_spacing=&#8221;20&#8243; xs_spacing=&#8221;20&#8243;][vc_text_separator title=&#8221;3. \u00bfQu\u00e9 es la junta de vigilancia?&#8221; i_icon_fontawesome=&#8221;fas fa-mask&#8221; i_color=&#8221;white&#8221; i_background_style=&#8221;rounded&#8221; i_background_color=&#8221;juicy_pink&#8221; color=&#8221;juicy_pink&#8221; css=&#8221;&#8221; add_icon=&#8221;true&#8221;][vc_column_text]\n<figure class=\"wp-block-video\"><video height=\"720\" style=\"aspect-ratio: 1280 \/ 720;\" width=\"1280\" controls src=\"https:\/\/cooperdomo.edu.co\/wp-content\/uploads\/2024\/10\/Junta-de-Vigilancia-Cooperdomo.mp4\"><\/video><\/figure>\n[\/vc_column_text][stm_spacing lg_spacing=&#8221;20&#8243; md_spacing=&#8221;20&#8243; sm_spacing=&#8221;20&#8243; xs_spacing=&#8221;20&#8243;][\/vc_column][vc_column width=&#8221;1\/2&#8243; css=&#8221;.vc_custom_1729721482681{background-color: #ddc3c3 !important;}&#8221;][stm_spacing lg_spacing=&#8221;20&#8243; md_spacing=&#8221;20&#8243; sm_spacing=&#8221;20&#8243; xs_spacing=&#8221;20&#8243;][vc_text_separator title=&#8221;5. \u00bfQu\u00e9 es el consejo de administraci\u00f3n?&#8221; i_icon_fontawesome=&#8221;fas fa-user-shield&#8221; i_color=&#8221;white&#8221; i_background_style=&#8221;rounded&#8221; i_background_color=&#8221;juicy_pink&#8221; color=&#8221;juicy_pink&#8221; css=&#8221;&#8221; add_icon=&#8221;true&#8221;][vc_column_text]\n<figure class=\"wp-block-video\"><video height=\"720\" style=\"aspect-ratio: 1280 \/ 720;\" width=\"1280\" controls src=\"https:\/\/cooperdomo.edu.co\/wp-content\/uploads\/2024\/10\/Consejo-de-Administracion-de-Cooperdomo.mp4\"><\/video><\/figure>\n[\/vc_column_text][stm_spacing lg_spacing=&#8221;20&#8243; md_spacing=&#8221;20&#8243; sm_spacing=&#8221;20&#8243; xs_spacing=&#8221;20&#8243;][\/vc_column][\/vc_row][vc_row][vc_column][\/vc_column][vc_column][\/vc_column][vc_column css=&#8221;.vc_custom_1729723203136{background-color: #f4f4f4 !important;}&#8221;][stm_spacing lg_spacing=&#8221;20&#8243; md_spacing=&#8221;20&#8243; sm_spacing=&#8221;20&#8243; xs_spacing=&#8221;20&#8243;][vc_text_separator title=&#8221;5. \u00bfQu\u00e9 es la asamblea general?&#8221; i_icon_fontawesome=&#8221;fas fa-user-friends&#8221; i_color=&#8221;white&#8221; i_background_style=&#8221;rounded&#8221; i_background_color=&#8221;sky&#8221; color=&#8221;sky&#8221; css=&#8221;&#8221; add_icon=&#8221;true&#8221;][vc_column_text]\n<figure class=\"wp-block-video\"><video height=\"720\" style=\"aspect-ratio: 1280 \/ 720;\" width=\"1280\" controls src=\"https:\/\/cooperdomo.edu.co\/wp-content\/uploads\/2024\/10\/Asamblea-General-Coperdomo.mp4\"><\/video><\/figure>\n<p>[\/vc_column_text][\/vc_column][\/vc_row][vc_row][vc_column][\/vc_column][\/vc_row]<\/p>\n<\/div>","protected":false},"excerpt":{"rendered":"<p>[vc_row][vc_column][stm_spacing lg_spacing=&#8221;50&#8243; md_spacing=&#8221;50&#8243; sm_spacing=&#8221;50&#8243; xs_spacing=&#8221;50&#8243;][vc_custom_heading text=&#8221;\u00bfQu\u00e9 es el Comit\u00e9 de Educaci\u00f3n?&#8221; font_container=&#8221;tag:h3|text_align:center&#8221; use_theme_fonts=&#8221;yes&#8221; css=&#8221;&#8221;][\/vc_column][\/vc_row][vc_row][vc_column][stm_spacing lg_spacing=&#8221;20&#8243; md_spacing=&#8221;20&#8243; sm_spacing=&#8221;20&#8243; xs_spacing=&#8221;20&#8243;][stm_text_box title_tag=&#8221;h3&#8243;] En Cooperdomo, el Comit\u00e9 de Educaci\u00f3n juega un papel fundamental,\u00a0 se encarga de promover y coordinar actividades educativas tanto para los asociados como para la comunidad en general que fomenten el empoderamiento de nuestros asociados, impulsando [&hellip;]<\/p>\n","protected":false},"author":1,"featured_media":0,"parent":0,"menu_order":0,"comment_status":"closed","ping_status":"closed","template":"","meta":{"footnotes":""},"class_list":["post-6083","page","type-page","status-publish","hentry"],"_links":{"self":[{"href":"https:\/\/cooperdomo.edu.co\/index.php\/wp-json\/wp\/v2\/pages\/6083","targetHints":{"allow":["GET"]}}],"collection":[{"href":"https:\/\/cooperdomo.edu.co\/index.php\/wp-json\/wp\/v2\/pages"}],"about":[{"href":"https:\/\/cooperdomo.edu.co\/index.php\/wp-json\/wp\/v2\/types\/page"}],"author":[{"embeddable":true,"href":"https:\/\/cooperdomo.edu.co\/index.php\/wp-json\/wp\/v2\/users\/1"}],"replies":[{"embeddable":true,"href":"https:\/\/cooperdomo.edu.co\/index.php\/wp-json\/wp\/v2\/comments?post=6083"}],"version-history":[{"count":49,"href":"https:\/\/cooperdomo.edu.co\/index.php\/wp-json\/wp\/v2\/pages\/6083\/revisions"}],"predecessor-version":[{"id":6141,"href":"https:\/\/cooperdomo.edu.co\/index.php\/wp-json\/wp\/v2\/pages\/6083\/revisions\/6141"}],"wp:attachment":[{"href":"https:\/\/cooperdomo.edu.co\/index.php\/wp-json\/wp\/v2\/media?parent=6083"}],"curies":[{"name":"wp","href":"https:\/\/api.w.org\/{rel}","templated":true}]}}