{"id":4898,"date":"2016-02-25T14:46:04","date_gmt":"2016-02-25T14:46:04","guid":{"rendered":"https:\/\/smartyschool.stylemixthemes.com\/?page_id=2674"},"modified":"2025-12-03T11:15:26","modified_gmt":"2025-12-03T16:15:26","slug":"inicio-cooperdomo","status":"publish","type":"page","link":"https:\/\/cooperdomo.edu.co\/","title":{"rendered":"Home"},"content":{"rendered":"<div class=\"wpb-content-wrapper\"><p>[vc_row full_width=&#8221;stretch_row&#8221; gap=&#8221;2&#8243; full_height=&#8221;yes&#8221; equal_height=&#8221;yes&#8221; content_placement=&#8221;middle&#8221; parallax=&#8221;content-moving-fade&#8221; css_animation=&#8221;none&#8221; css=&#8221;.vc_custom_1755543867309{background: #2caa58 url(https:\/\/cooperdomo.edu.co\/wp-content\/uploads\/2025\/08\/2-Background.png?id=6621);}&#8221;][vc_column css_animation=&#8221;none&#8221;][stm_spacing lg_spacing=&#8221;50&#8243; md_spacing=&#8221;0&#8243; sm_spacing=&#8221;0&#8243;][vc_row_inner][vc_column_inner css=&#8221;.vc_custom_1755556811282{margin-top: 10px !important;margin-right: 10px !important;margin-bottom: 10px !important;margin-left: 10px !important;}&#8221;][stm_spacing lg_spacing=&#8221;50&#8243; md_spacing=&#8221;0&#8243; sm_spacing=&#8221;0&#8243;][vc_posts_slider count=&#8221;&#8221; interval=&#8221;5&#8243; thumb_size=&#8221;full&#8221; orderby=&#8221;date&#8221; css=&#8221;&#8221; posttypes=&#8221;post&#8221;][\/vc_column_inner][\/vc_row_inner][stm_spacing lg_spacing=&#8221;25&#8243; md_spacing=&#8221;0&#8243; sm_spacing=&#8221;0&#8243;][\/vc_column][\/vc_row][vc_row][vc_column][stm_call_to_action cta_bg_color=&#8221;dark&#8221; btn_link=&#8221;url:https%3A%2F%2Fcooperdomo.edu.co%2Findex.php%2Fadmissions-2%2F|title:%C2%A1Aplica%20ahora!&#8221; title=&#8221;Admisiones 2026&#8243; image_id=&#8221;52&#8243; margin=&#8221;margin-top:15px;margin-bottom:16px;&#8221; btn_enable=&#8221;true&#8221; img_enable=&#8221;true&#8221; btn_custom_style=&#8221;true&#8221; btn_icon_enable=&#8221;true&#8221; css=&#8221;.vc_custom_1756948954750{background-position: center !important;background-repeat: no-repeat !important;background-size: cover !important;border-radius: 5px !important;}&#8221;]<span style=\"font-weight: 400;\">Llega el 2026 y con \u00e9l muchas cosas por descubrir, conoce el proceso de admisi\u00f3n 2026, y haz parte de nuestra instituci\u00f3n, estamos aqu\u00ed para guiarte en cada paso del camino.<\/span>[\/stm_call_to_action][\/vc_column][\/vc_row][vc_row gap=&#8221;1&#8243; content_placement=&#8221;middle&#8221; parallax=&#8221;content-moving-fade&#8221; css=&#8221;.vc_custom_1755543411695{background-color: #f7f7f7 !important;}&#8221;][vc_column css=&#8221;.vc_custom_1755542150714{padding-top: 50px !important;}&#8221;][stm_spacing lg_spacing=&#8221;25&#8243; md_spacing=&#8221;0&#8243; sm_spacing=&#8221;0&#8243;][vc_custom_heading text=&#8221;Nuestras Campa\u00f1as&#8221; font_container=&#8221;tag:h2|text_align:center&#8221; use_theme_fonts=&#8221;yes&#8221; css=&#8221;.vc_custom_1755543325574{margin-bottom: 40px !important;}&#8221;][stm_posts view=&#8221;list&#8221; posts_category=&#8221;0&#8243;][stm_spacing lg_spacing=&#8221;0&#8243; md_spacing=&#8221;0&#8243; sm_spacing=&#8221;0&#8243; xs_spacing=&#8221;25&#8243;][\/vc_column][\/vc_row][vc_row][vc_column][stm_spacing lg_spacing=&#8221;100&#8243; md_spacing=&#8221;100&#8243; sm_spacing=&#8221;40&#8243; xs_spacing=&#8221;40&#8243;][vc_custom_heading text=&#8221;Nuestra Cooperativa&#8221; use_theme_fonts=&#8221;yes&#8221; css=&#8221;&#8221;][vc_row_inner][vc_column_inner width=&#8221;1\/2&#8243; css=&#8221;.vc_custom_1567600521479{padding-top: 10px !important;}&#8221;][vc_column_text css=&#8221;&#8221;]Hace m\u00e1s de medio siglo fue fundado el barrio Ismael Perdomo y surgi\u00f3 la necesidad de educar a los ni\u00f1os que llegasen a formar parte de la comunidad. Este sue\u00f1o paso a ser una realidad con la asociaci\u00f3n de varias personas con el objetivo de construir una instituci\u00f3n educativa, el 21 de abril de 1969 se materializ\u00f3 dicho sue\u00f1o: surge LA COOPERATIVA ESPECIALIZADA EN EDUCACI\u00d3N DEL BARRIO PERDOMO COOPERDOMO, una empresa asociativa de derecho privado sin animo de lucro regida por las disposiciones legales vigentes y en especial la legislaci\u00f3n sobre cooperativas, y ofrece el servicio de educaci\u00f3n formal a trav\u00e9s de el Colegio Cooperativo Monse\u00f1or Ismael Perdomo.[\/vc_column_text][vc_single_image image=&#8221;5262&#8243; img_size=&#8221;205&#215;120&#8243; css=&#8221;.vc_custom_1755543235708{margin-top: -20px !important;padding-right: 40px !important;padding-left: 10px !important;}&#8221;][vc_column_text css=&#8221;&#8221;]<\/p>\n<h4 style=\"margin-bottom: 0;\">Luis Diez<\/h4>\n<p style=\"font-size: 12px;\">Fundador<\/p>\n<p>[\/vc_column_text][\/vc_column_inner][vc_column_inner width=&#8221;1\/2&#8243;][stm_single_image img_alignment=&#8221;center&#8221; img_border_radius=&#8221;true&#8221; img_id=&#8221;5267&#8243;][\/vc_column_inner][\/vc_row_inner][stm_spacing lg_spacing=&#8221;80&#8243; md_spacing=&#8221;80&#8243; sm_spacing=&#8221;100&#8243; xs_spacing=&#8221;60&#8243;][\/vc_column][\/vc_row][vc_row full_width=&#8221;stretch_row&#8221; css=&#8221;.vc_custom_1567769861426{background-color: #fff9f5 !important;}&#8221;][vc_column][stm_spacing lg_spacing=&#8221;60&#8243; md_spacing=&#8221;60&#8243; sm_spacing=&#8221;30&#8243; xs_spacing=&#8221;30&#8243;][vc_custom_heading text=&#8221;Google for Education &#8211; Classroom&#8221; font_container=&#8221;tag:h2|text_align:center&#8221; use_theme_fonts=&#8221;yes&#8221; css=&#8221;.vc_custom_1726524492590{margin-bottom: 40px !important;}&#8221;][vc_column_text css=&#8221;&#8221;]<\/p>\n<p style=\"text-align: center;\">Proximamente tendr\u00e1s la posibilidad de ingresar a nuestras clases directamente desde <strong>Clasroom<\/strong> con tus credenciales institucionales. \u00a1Esperalo muy pronto!<\/p>\n<p>[\/vc_column_text][vc_message color=&#8221;info&#8221; message_box_style=&#8221;3d&#8221; css=&#8221;&#8221;]<\/p>\n<p style=\"text-align: left;\"><span style=\"font-size: 12pt;\">Estimado estudiante o padre de familia, queremos informar que para todas las solicitudes en relaci\u00f3n a los <strong>inconvenientes que tengan con los correos Institucionales<\/strong> de los alumnos y en su defecto accesos de classroom que es el mismo acceso, deben hacer la solicitud al correo de Secretar\u00eda acad\u00e9mica: <strong>secretaria.academica@cooperdomo.edu.co<\/strong>. Esperemos dar soluci\u00f3n a estos inconvenientes, muchas gracias!<\/span><\/p>\n<p>[\/vc_message][stm_spacing lg_spacing=&#8221;60&#8243; md_spacing=&#8221;60&#8243; sm_spacing=&#8221;30&#8243; xs_spacing=&#8221;30&#8243;][\/vc_column][\/vc_row][vc_row full_width=&#8221;stretch_row&#8221; css=&#8221;.vc_custom_1726524933294{background-image: url(https:\/\/cooperdomo.edu.co\/wp-content\/uploads\/2024\/09\/Banner-9.jpg?id=5354) !important;background-position: center !important;background-repeat: no-repeat !important;background-size: cover !important;}&#8221;][vc_column][vc_row_inner][vc_column_inner offset=&#8221;vc_col-lg-6&#8243;][vc_custom_heading text=&#8221;56 A\u00f1os de Calidad y experiencia educativa solidaria.&#8221; font_container=&#8221;tag:h2|text_align:left|color:%23ffffff&#8221; use_theme_fonts=&#8221;yes&#8221; css=&#8221;.vc_custom_1755543387044{margin-bottom: 30px !important;}&#8221;][\/vc_column_inner][vc_column_inner width=&#8221;1\/12&#8243; offset=&#8221;vc_hidden-md vc_hidden-sm vc_hidden-xs&#8221;][\/vc_column_inner][vc_column_inner offset=&#8221;vc_col-lg-5&#8243;][vc_video link=&#8221;https:\/\/youtu.be\/a1F8UqXnpLs&#8221; align=&#8221;center&#8221; css=&#8221;&#8221;][\/vc_column_inner][\/vc_row_inner][\/vc_column][\/vc_row][vc_row][vc_column][stm_spacing lg_spacing=&#8221;63&#8243; md_spacing=&#8221;63&#8243; sm_spacing=&#8221;60&#8243; xs_spacing=&#8221;60&#8243;][vc_custom_heading text=&#8221;Proceso de Admisiones 2026&#8243; font_container=&#8221;tag:h2|text_align:center&#8221; use_theme_fonts=&#8221;yes&#8221; css=&#8221;.vc_custom_1756948977751{margin-bottom: 28px !important;}&#8221;][stm_spacing lg_spacing=&#8221;25&#8243; md_spacing=&#8221;25&#8243; sm_spacing=&#8221;25&#8243; xs_spacing=&#8221;25&#8243;][vc_row_inner][vc_column_inner el_class=&#8221;box_shadow&#8221; css=&#8221;.vc_custom_1596779531570{margin-bottom: 30px !important;}&#8221; offset=&#8221;vc_col-lg-4&#8243;][vc_icon type=&#8221;linecons&#8221; icon_linecons=&#8221;vc_li vc_li-display&#8221; color=&#8221;custom&#8221; size=&#8221;lg&#8221; css=&#8221;.vc_custom_1726525052399{margin-bottom: 4px !important;}&#8221; custom_color=&#8221;#81d742&#8243;][vc_column_text css=&#8221;.vc_custom_1726675507535{margin-bottom: 0px !important;}&#8221;]<\/p>\n<h5 style=\"margin: 0 0 12px;\">1. Pago<\/h5>\n<p style=\"font-size: 14px; margin-bottom: 16px; line-height: 22px;\">Realiza el pago de admisiones por una tarifa de $50.000 por los medios de pago disponibles.<\/p>\n<p><a class=\"icon_link\" href=\"https:\/\/www.avalpaycenter.com\/wps\/portal\/portal-de-pagos\/web\/pagos-aval\/resultado-busqueda\/realizar-pago?idConv=00010405&amp;origen=buscar\" target=\"_blank\" rel=\"noopener\">Paga Ahora!<\/a>[\/vc_column_text][\/vc_column_inner][vc_column_inner el_class=&#8221;box_shadow&#8221; css=&#8221;.vc_custom_1596779539064{margin-bottom: 30px !important;}&#8221; offset=&#8221;vc_col-lg-4&#8243;][vc_icon type=&#8221;linecons&#8221; icon_linecons=&#8221;vc_li vc_li-news&#8221; color=&#8221;custom&#8221; size=&#8221;lg&#8221; css=&#8221;.vc_custom_1726525209330{margin-bottom: 4px !important;}&#8221; custom_color=&#8221;#eeee22&#8243;][vc_column_text css=&#8221;.vc_custom_1756949107927{margin-bottom: 0px !important;}&#8221;]<\/p>\n<h5 style=\"margin: 0 0 12px;\">2. Formulario<\/h5>\n<p style=\"font-size: 14px; margin-bottom: 16px; line-height: 22px;\">Diligencia el formulario en la plataforma educativa y la documentaci\u00f3n completa requerida se deben entregar en la oficina de Secretar\u00eda Acad\u00e9mica.<\/p>\n<p style=\"font-size: 14px; margin-bottom: 16px; line-height: 22px;\"><a class=\"icon_link\" href=\"http:\/\/www.seinotas.callsystem.com.co\/\" target=\"_blank\" rel=\"noopener\">Ingresa aqu\u00ed!<\/a><\/p>\n<p>[\/vc_column_text][\/vc_column_inner][vc_column_inner el_class=&#8221;box_shadow&#8221; offset=&#8221;vc_col-lg-4&#8243;][vc_icon type=&#8221;linecons&#8221; icon_linecons=&#8221;vc_li vc_li-stack&#8221; color=&#8221;custom&#8221; size=&#8221;lg&#8221; css=&#8221;.vc_custom_1726525506352{margin-bottom: 4px !important;}&#8221; custom_color=&#8221;#81d742&#8243;][vc_column_text css=&#8221;.vc_custom_1729131698090{margin-bottom: 0px !important;}&#8221;]<\/p>\n<h5 style=\"margin: 0 0 12px;\">3. Enviar<\/h5>\n<p style=\"font-size: 14px; margin-bottom: 16px; line-height: 22px;\">Env\u00eda una copia del formulario diligenciado y el comprobante de pago al correo institucional de secretar\u00eda acad\u00e9mica.<\/p>\n<p><a class=\"icon_link\" href=\"mailto:secretaria.academica@cooperdomo.edu.co\" target=\"_blank\" rel=\"noopener\">M\u00e1s informaci\u00f3n<\/a>[\/vc_column_text][\/vc_column_inner][\/vc_row_inner][stm_spacing lg_spacing=&#8221;80&#8243; md_spacing=&#8221;80&#8243; sm_spacing=&#8221;80&#8243; xs_spacing=&#8221;80&#8243;][\/vc_column][\/vc_row][vc_row full_width=&#8221;stretch_row&#8221; gap=&#8221;2&#8243; content_placement=&#8221;middle&#8221;][vc_column][vc_custom_heading text=&#8221;Nuestros Convenios&#8221; font_container=&#8221;tag:h2|text_align:center&#8221; use_theme_fonts=&#8221;yes&#8221; css=&#8221;.vc_custom_1729134045656{margin-bottom: 28px !important;}&#8221;][stm_spacing][vc_images_carousel images=&#8221;5951,5952,6051&#8243; img_size=&#8221;large&#8221; onclick=&#8221;link_no&#8221; slides_per_view=&#8221;3&#8243; autoplay=&#8221;yes&#8221; hide_pagination_control=&#8221;yes&#8221; hide_prev_next_buttons=&#8221;yes&#8221; wrap=&#8221;yes&#8221; css=&#8221;&#8221;][stm_spacing][stm_spacing lg_spacing=&#8221;36&#8243; md_spacing=&#8221;36&#8243; sm_spacing=&#8221;36&#8243; xs_spacing=&#8221;36&#8243;][\/vc_column][\/vc_row][vc_row css=&#8221;.vc_custom_1729133845905{background-color: #ffffff !important;}&#8221;][vc_column][vc_custom_heading text=&#8221;Galer\u00eda fotogr\u00e1fica&#8221; use_theme_fonts=&#8221;yes&#8221; css=&#8221;.vc_custom_1726546445773{padding-top: 5px !important;}&#8221;][\/vc_column][\/vc_row][vc_row full_width=&#8221;stretch_row_content_no_spaces&#8221;][vc_column][stm_gallery][\/vc_column][\/vc_row][vc_row][vc_column][vc_column_text][\/vc_column_text][\/vc_column][\/vc_row]<\/p>\n<\/div>","protected":false},"excerpt":{"rendered":"<p>[vc_row full_width=&#8221;stretch_row&#8221; gap=&#8221;2&#8243; full_height=&#8221;yes&#8221; equal_height=&#8221;yes&#8221; content_placement=&#8221;middle&#8221; parallax=&#8221;content-moving-fade&#8221; css_animation=&#8221;none&#8221; css=&#8221;.vc_custom_1755543867309{background: #2caa58 url(https:\/\/cooperdomo.edu.co\/wp-content\/uploads\/2025\/08\/2-Background.png?id=6621);}&#8221;][vc_column css_animation=&#8221;none&#8221;][stm_spacing lg_spacing=&#8221;50&#8243; md_spacing=&#8221;0&#8243; sm_spacing=&#8221;0&#8243;][vc_row_inner][vc_column_inner css=&#8221;.vc_custom_1755556811282{margin-top: 10px !important;margin-right: 10px !important;margin-bottom: 10px !important;margin-left: 10px !important;}&#8221;][stm_spacing lg_spacing=&#8221;50&#8243; md_spacing=&#8221;0&#8243; sm_spacing=&#8221;0&#8243;][vc_posts_slider count=&#8221;&#8221; interval=&#8221;5&#8243; thumb_size=&#8221;full&#8221; orderby=&#8221;date&#8221; css=&#8221;&#8221; posttypes=&#8221;post&#8221;][\/vc_column_inner][\/vc_row_inner][stm_spacing lg_spacing=&#8221;25&#8243; md_spacing=&#8221;0&#8243; sm_spacing=&#8221;0&#8243;][\/vc_column][\/vc_row][vc_row][vc_column][stm_call_to_action cta_bg_color=&#8221;dark&#8221; btn_link=&#8221;url:https%3A%2F%2Fcooperdomo.edu.co%2Findex.php%2Fadmissions-2%2F|title:%C2%A1Aplica%20ahora!&#8221; title=&#8221;Admisiones 2026&#8243; image_id=&#8221;52&#8243; margin=&#8221;margin-top:15px;margin-bottom:16px;&#8221; btn_enable=&#8221;true&#8221; img_enable=&#8221;true&#8221; btn_custom_style=&#8221;true&#8221; btn_icon_enable=&#8221;true&#8221; css=&#8221;.vc_custom_1756948954750{background-position: center !important;background-repeat: no-repeat !important;background-size: cover !important;border-radius: 5px !important;}&#8221;]Llega [&hellip;]<\/p>\n","protected":false},"author":1,"featured_media":0,"parent":0,"menu_order":0,"comment_status":"closed","ping_status":"closed","template":"","meta":{"footnotes":""},"class_list":["post-4898","page","type-page","status-publish","hentry"],"_links":{"self":[{"href":"https:\/\/cooperdomo.edu.co\/index.php\/wp-json\/wp\/v2\/pages\/4898","targetHints":{"allow":["GET"]}}],"collection":[{"href":"https:\/\/cooperdomo.edu.co\/index.php\/wp-json\/wp\/v2\/pages"}],"about":[{"href":"https:\/\/cooperdomo.edu.co\/index.php\/wp-json\/wp\/v2\/types\/page"}],"author":[{"embeddable":true,"href":"https:\/\/cooperdomo.edu.co\/index.php\/wp-json\/wp\/v2\/users\/1"}],"replies":[{"embeddable":true,"href":"https:\/\/cooperdomo.edu.co\/index.php\/wp-json\/wp\/v2\/comments?post=4898"}],"version-history":[{"count":189,"href":"https:\/\/cooperdomo.edu.co\/index.php\/wp-json\/wp\/v2\/pages\/4898\/revisions"}],"predecessor-version":[{"id":6784,"href":"https:\/\/cooperdomo.edu.co\/index.php\/wp-json\/wp\/v2\/pages\/4898\/revisions\/6784"}],"wp:attachment":[{"href":"https:\/\/cooperdomo.edu.co\/index.php\/wp-json\/wp\/v2\/media?parent=4898"}],"curies":[{"name":"wp","href":"https:\/\/api.w.org\/{rel}","templated":true}]}}