{"id":4324,"date":"2015-11-25T07:33:06","date_gmt":"2015-11-25T07:33:06","guid":{"rendered":"http:\/\/smartyschool.stylemixthemes.com\/?page_id=23"},"modified":"2025-08-18T20:43:59","modified_gmt":"2025-08-19T01:43:59","slug":"contacto","status":"publish","type":"page","link":"https:\/\/cooperdomo.edu.co\/index.php\/contacto\/","title":{"rendered":"Contacto"},"content":{"rendered":"<div class=\"wpb-content-wrapper\"><p>[vc_row full_width=&#8221;stretch_row_content_no_spaces&#8221;][vc_column][stm_google_map contact_details_enable=&#8221;true&#8221; height=&#8221;482px&#8221; zoom=&#8221;16&#8243; address=&#8221;Diagonal 62G Sur #72A &#8211; 41 I Barrio Perdomo I Ciudad Bol\u00edvar I Bogot\u00e1 D.C.- Colombia&#8221; tel=&#8221;+57 322 6820372&#8243; email=&#8221;info@cooperdomo.edu.co&#8221; latitude=&#8221;4.58846&#8243; longitude=&#8221;-74.16742&#8243;][\/vc_column][\/vc_row][vc_row css=&#8221;.vc_custom_1454997176980{padding-top: 73px !important;padding-bottom: 96px !important;}&#8221;][vc_column width=&#8221;1\/2&#8243; offset=&#8221;vc_col-lg-8 vc_col-md-7 vc_col-xs-12&#8243;][vc_column_text css=&#8221;&#8221;]\u00bfTienes alguna pregunta o necesitas m\u00e1s informaci\u00f3n? Estamos aqu\u00ed para ayudarte. No dudes en ponerte en contacto con nosotros a trav\u00e9s de los siguientes canales. Estaremos encantados\u00a0de\u00a0atenderte.[\/vc_column_text][stm_title title_tag=&#8221;h2&#8243; sep_enable=&#8221;true&#8221; title=&#8221;Cont\u00e1ctenos&#8221;][\/stm_title][stm_contact_person img_id=&#8221;5333&#8243; name=&#8221;Alejandra Barreto Pinz\u00f3n&#8221; question=&#8221;Tesorer\u00eda&#8221; tel=&#8221;+57 322 6820372&#8243; email=&#8221;tesoreria@cooperdomo.com.co&#8221; css=&#8221;.vc_custom_1727324143902{margin-bottom: 50px !important;}&#8221;][stm_contact_person img_id=&#8221;4200&#8243; name=&#8221;Dorys Elena Vinasco Salazar&#8221; question=&#8221;Secretar\u00eda Acad\u00e9mica&#8221; tel=&#8221;+57 322 6820372&#8243; email=&#8221;secretaria.academica@cooperdomo.edu.co&#8221;][stm_spacing sm_spacing=&#8221;45px&#8221; xs_spacing=&#8221;45px&#8221;][\/vc_column][vc_column width=&#8221;1\/2&#8243;][\/vc_column][\/vc_row]<\/p>\n<\/div>","protected":false},"excerpt":{"rendered":"<p>[vc_row full_width=&#8221;stretch_row_content_no_spaces&#8221;][vc_column][stm_google_map contact_details_enable=&#8221;true&#8221; height=&#8221;482px&#8221; zoom=&#8221;16&#8243; address=&#8221;Diagonal 62G Sur #72A &#8211; 41 I Barrio Perdomo I Ciudad Bol\u00edvar I Bogot\u00e1 D.C.- Colombia&#8221; tel=&#8221;+57 322 6820372&#8243; email=&#8221;info@cooperdomo.edu.co&#8221; latitude=&#8221;4.58846&#8243; longitude=&#8221;-74.16742&#8243;][\/vc_column][\/vc_row][vc_row css=&#8221;.vc_custom_1454997176980{padding-top: 73px !important;padding-bottom: 96px !important;}&#8221;][vc_column width=&#8221;1\/2&#8243; offset=&#8221;vc_col-lg-8 vc_col-md-7 vc_col-xs-12&#8243;][vc_column_text css=&#8221;&#8221;]\u00bfTienes alguna pregunta o necesitas m\u00e1s informaci\u00f3n? Estamos aqu\u00ed para ayudarte. No dudes en ponerte en contacto con nosotros [&hellip;]<\/p>\n","protected":false},"author":1,"featured_media":0,"parent":0,"menu_order":0,"comment_status":"closed","ping_status":"closed","template":"","meta":{"footnotes":""},"class_list":["post-4324","page","type-page","status-publish","hentry"],"_links":{"self":[{"href":"https:\/\/cooperdomo.edu.co\/index.php\/wp-json\/wp\/v2\/pages\/4324","targetHints":{"allow":["GET"]}}],"collection":[{"href":"https:\/\/cooperdomo.edu.co\/index.php\/wp-json\/wp\/v2\/pages"}],"about":[{"href":"https:\/\/cooperdomo.edu.co\/index.php\/wp-json\/wp\/v2\/types\/page"}],"author":[{"embeddable":true,"href":"https:\/\/cooperdomo.edu.co\/index.php\/wp-json\/wp\/v2\/users\/1"}],"replies":[{"embeddable":true,"href":"https:\/\/cooperdomo.edu.co\/index.php\/wp-json\/wp\/v2\/comments?post=4324"}],"version-history":[{"count":18,"href":"https:\/\/cooperdomo.edu.co\/index.php\/wp-json\/wp\/v2\/pages\/4324\/revisions"}],"predecessor-version":[{"id":6697,"href":"https:\/\/cooperdomo.edu.co\/index.php\/wp-json\/wp\/v2\/pages\/4324\/revisions\/6697"}],"wp:attachment":[{"href":"https:\/\/cooperdomo.edu.co\/index.php\/wp-json\/wp\/v2\/media?parent=4324"}],"curies":[{"name":"wp","href":"https:\/\/api.w.org\/{rel}","templated":true}]}}