{"id":1193,"date":"2025-08-01T08:00:18","date_gmt":"2025-08-01T13:00:18","guid":{"rendered":"https:\/\/smartyschool.stylemixthemes.com\/?page_id=1193"},"modified":"2025-08-02T23:17:18","modified_gmt":"2025-08-03T04:17:18","slug":"academics","status":"publish","type":"page","link":"https:\/\/cooperdomo.edu.co\/index.php\/academics\/","title":{"rendered":"Institucional"},"content":{"rendered":"<div class=\"wpb-content-wrapper\"><p>[vc_row][vc_column][stm_spacing lg_spacing=&#8221;20&#8243; md_spacing=&#8221;20&#8243;][\/vc_column][vc_column][stm_title title_tag=&#8221;h2&#8243; title_align=&#8221;center&#8221; sep_enable=&#8221;true&#8221; title=&#8221;Horizonte Institucional&#8221;][\/stm_title][\/vc_column][\/vc_row][vc_row][vc_column width=&#8221;1\/2&#8243; offset=&#8221;vc_col-xs-12&#8243;][stm_spacing xs_spacing=&#8221;80px&#8221;][stm_single_image img_alignment=&#8221;right&#8221; img_id=&#8221;6542&#8243; css=&#8221;.vc_custom_1754191129909{margin-right: 35px !important;}&#8221; img_size=&#8221;910&#215;483&#8243;][\/vc_column][vc_column width=&#8221;1\/2&#8243; offset=&#8221;vc_col-xs-12&#8243;][stm_spacing lg_spacing=&#8221;73px&#8221; md_spacing=&#8221;73px&#8221; sm_spacing=&#8221;30px&#8221; xs_spacing=&#8221;30px&#8221;][stm_title title_tag=&#8221;h2&#8243; title_color=&#8221;blue&#8221; sep_enable=&#8221;true&#8221; title=&#8221;Vis\u00f3n&#8221;][\/stm_title][vc_column_text css=&#8221;.vc_custom_1754189633080{margin-bottom: 0px !important;}&#8221;]El colegio<strong> Cooperativo Monse\u00f1or Ismael Perdomo<\/strong> propende por la formaci\u00f3n integral de la persona en el crecimiento de su autonom\u00eda, en el desarrollo de su apertura hacia los dem\u00e1s, el manejo de la segunda lengua, implementaci\u00f3n a partir del a\u00f1o 2021 del convenio en articulaci\u00f3n con el SENA, en T\u00e9cnico en: INTEGRACI\u00d3N DE OPERACIONES LOG\u00cdSTICAS, y T\u00e9cnico en CONTROL DE MOVILIDAD, TRANSPORTE Y SEGURIDAD VIAL, de acuerdo con los intereses de la comunidad, garantizando la continuidad de los egresados en la cadena de formaci\u00f3n hacia la educaci\u00f3n superior, que le permita ser competente en diferentes contextos, en el fortalecimiento de su singularidad y en el descubrimiento de su car\u00e1cter trascendente. En esta visi\u00f3n se enmarca toda la pedagog\u00eda y la ense\u00f1anza impartida en nuestra instituci\u00f3n. La instituci\u00f3n ser\u00e1 reconocida en el 2025 por sus logros en las evaluaciones externas, por su sana convivencia social, la certificaci\u00f3n en ingl\u00e9s y la titulaci\u00f3n como t\u00e9cnico del <strong>SENA.<\/strong>[\/vc_column_text][stm_spacing xs_spacing=&#8221;80px&#8221;][\/vc_column][\/vc_row][vc_row][vc_column width=&#8221;1\/2&#8243; offset=&#8221;vc_col-xs-12&#8243;][stm_spacing xs_spacing=&#8221;80px&#8221;][stm_single_image img_alignment=&#8221;right&#8221; img_id=&#8221;6543&#8243; css=&#8221;.vc_custom_1754191265979{margin-right: 35px !important;}&#8221; img_size=&#8221;910&#215;483&#8243;][\/vc_column][vc_column width=&#8221;1\/2&#8243; offset=&#8221;vc_col-xs-12&#8243;][stm_spacing lg_spacing=&#8221;73px&#8221; md_spacing=&#8221;73px&#8221; sm_spacing=&#8221;30px&#8221; xs_spacing=&#8221;30px&#8221;][stm_title title_tag=&#8221;h2&#8243; title_color=&#8221;blue&#8221; sep_enable=&#8221;true&#8221; title=&#8221;Misi\u00f3n&#8221;][\/stm_title][vc_column_text css=&#8221;.vc_custom_1754189718891{margin-bottom: 0px !important;}&#8221;]El colegio Cooperativo Monse\u00f1or Ismael Perdomo ofrece educaci\u00f3n formal, inclusiva e integral basada en los principios cooperativos, acad\u00e9micos y axiol\u00f3gicos;<strong> fundamentados en el desarrollo de procesos de pensamiento, competencias ciudadanas, laborales y habilidades que le permitan formarse con autonom\u00eda para proyectarse como un ser social.<\/strong>[\/vc_column_text][stm_spacing xs_spacing=&#8221;80px&#8221;][\/vc_column][vc_column][\/vc_column][\/vc_row][vc_row full_width=&#8221;stretch_row&#8221; css=&#8221;.vc_custom_1568121098607{padding-top: 45px !important;padding-bottom: 100px !important;background-color: #f8f8f8 !important;}&#8221;][vc_column offset=&#8221;vc_col-lg-7 vc_col-md-6 vc_col-xs-12&#8243;][stm_image_box title_position=&#8221;outside&#8221; sep_enable=&#8221;true&#8221; title=&#8221;Niveles Educativos&#8221; img_id=&#8221;6545&#8243; title_link=&#8221;url:%23||&#8221; css=&#8221;.vc_custom_1754193005242{margin-bottom: 40px !important;}&#8221;]<strong>Cooperdomo<\/strong> ofrece a la comunidad los niveles de estudio: Preescolar, B\u00e1sica Primaria, B\u00e1sica Secundaria y Media.[\/stm_image_box][stm_image_box title_position=&#8221;outside&#8221; sep_enable=&#8221;true&#8221; title=&#8221;Horario de Jornada acad\u00e9mica&#8221; img_id=&#8221;6546&#8243; title_link=&#8221;url:https%3A%2F%2Fcourse-schedule%2F||&#8221; css=&#8221;.vc_custom_1754193028214{margin-bottom: 40px !important;}&#8221;]Jornada para todos los niveles de<strong> 6:00 a.m. a 1:00 p.m.<\/strong>[\/stm_image_box][stm_image_box title_position=&#8221;outside&#8221; sep_enable=&#8221;true&#8221; title=&#8221;Cursos Extracurriculares&#8221; img_id=&#8221;6548&#8243; title_link=&#8221;url:https%3A%2F%2Fclasses%2F||&#8221; css=&#8221;.vc_custom_1754193363323{margin-bottom: 40px !important;}&#8221;]Tenemos a su disposici\u00f3n las \u00e1reas de F\u00fatbol, Danzas, M\u00fasica, Banda Marcial.[\/stm_image_box][stm_image_box title_position=&#8221;outside&#8221; sep_enable=&#8221;true&#8221; title=&#8221;Calendario Acad\u00e9mico&#8221; img_id=&#8221;6549&#8243; title_link=&#8221;url:https%3A%2F%2Facademic-calendar%2F||&#8221; css=&#8221;.vc_custom_1754193506124{margin-bottom: 40px !important;}&#8221;]Contamos con un calendario programado con actividades familiares y de cooperativismo para nuestros estudiantes y asociados,[\/stm_image_box][\/vc_column][vc_column offset=&#8221;vc_col-lg-5 vc_col-md-6 vc_col-xs-12&#8243;][stm_title title_tag=&#8221;h3&#8243; sep_enable=&#8221;true&#8221; title=&#8221;Fechas Importantes&#8221; sep_margin_b=&#8221;50px&#8221; title_margin_t=&#8221;-6px&#8221;][\/stm_title][stm_events view_style=&#8221;list&#8221; event_category=&#8221;0&#8243; events_count=&#8221;3&#8243;][stm_btn_simple btn_icon_position=&#8221;right&#8221; btn_icon_enable=&#8221;true&#8221; btn_link=&#8221;url:https%3A%2F%2Facademic-calendar%2F||&#8221; btn_link_text=&#8221;Calendario Acad\u00e9mico&#8221; btn_margin_b=&#8221;60px&#8221;][stm_text_box title_tag=&#8221;h4&#8243; sep_color=&#8221;custom&#8221; title_color=&#8221;custom&#8221; sep_enable=&#8221;true&#8221; title=&#8221;Articulaci\u00f3n Sena&#8221; sep_color_custom=&#8221;#ffffff&#8221; title_color_custom=&#8221;#278438&#8243;]<strong>Los aprendices de grado d\u00e9cimo<\/strong> inmersos en el proceso de articulaci\u00f3n deben cumplir con los lineamientos del SENA y el plan de estudios de la instituci\u00f3n, para que tengan el t\u00edtulo de (Bachiller Acad\u00e9mico y T\u00e9cnico) en la modalidad seleccionada.<\/p>\n<p>En convenio con el SENA en las modalidades de T\u00e9cnico en Integraci\u00f3n de operaciones log\u00edsticas, T\u00e9cnico en control de movilidad, Transporte y Seguridad V\u00edal.[\/stm_text_box][\/vc_column][\/vc_row][vc_row][vc_column][stm_footer][\/vc_column][\/vc_row]<\/p>\n<\/div>","protected":false},"excerpt":{"rendered":"<p>[vc_row][vc_column][stm_spacing lg_spacing=&#8221;20&#8243; md_spacing=&#8221;20&#8243;][\/vc_column][vc_column][stm_title title_tag=&#8221;h2&#8243; title_align=&#8221;center&#8221; sep_enable=&#8221;true&#8221; title=&#8221;Horizonte Institucional&#8221;][\/stm_title][\/vc_column][\/vc_row][vc_row][vc_column width=&#8221;1\/2&#8243; offset=&#8221;vc_col-xs-12&#8243;][stm_spacing xs_spacing=&#8221;80px&#8221;][stm_single_image img_alignment=&#8221;right&#8221; img_id=&#8221;6542&#8243; css=&#8221;.vc_custom_1754191129909{margin-right: 35px !important;}&#8221; img_size=&#8221;910&#215;483&#8243;][\/vc_column][vc_column width=&#8221;1\/2&#8243; offset=&#8221;vc_col-xs-12&#8243;][stm_spacing lg_spacing=&#8221;73px&#8221; md_spacing=&#8221;73px&#8221; sm_spacing=&#8221;30px&#8221; xs_spacing=&#8221;30px&#8221;][stm_title title_tag=&#8221;h2&#8243; title_color=&#8221;blue&#8221; sep_enable=&#8221;true&#8221; title=&#8221;Vis\u00f3n&#8221;][\/stm_title][vc_column_text css=&#8221;.vc_custom_1754189633080{margin-bottom: 0px !important;}&#8221;]El colegio Cooperativo Monse\u00f1or Ismael Perdomo propende por la formaci\u00f3n integral de la persona en el crecimiento de su autonom\u00eda, en el desarrollo de su apertura [&hellip;]<\/p>\n","protected":false},"author":1,"featured_media":0,"parent":0,"menu_order":0,"comment_status":"closed","ping_status":"closed","template":"","meta":{"footnotes":""},"class_list":["post-1193","page","type-page","status-publish","hentry"],"_links":{"self":[{"href":"https:\/\/cooperdomo.edu.co\/index.php\/wp-json\/wp\/v2\/pages\/1193","targetHints":{"allow":["GET"]}}],"collection":[{"href":"https:\/\/cooperdomo.edu.co\/index.php\/wp-json\/wp\/v2\/pages"}],"about":[{"href":"https:\/\/cooperdomo.edu.co\/index.php\/wp-json\/wp\/v2\/types\/page"}],"author":[{"embeddable":true,"href":"https:\/\/cooperdomo.edu.co\/index.php\/wp-json\/wp\/v2\/users\/1"}],"replies":[{"embeddable":true,"href":"https:\/\/cooperdomo.edu.co\/index.php\/wp-json\/wp\/v2\/comments?post=1193"}],"version-history":[{"count":15,"href":"https:\/\/cooperdomo.edu.co\/index.php\/wp-json\/wp\/v2\/pages\/1193\/revisions"}],"predecessor-version":[{"id":6559,"href":"https:\/\/cooperdomo.edu.co\/index.php\/wp-json\/wp\/v2\/pages\/1193\/revisions\/6559"}],"wp:attachment":[{"href":"https:\/\/cooperdomo.edu.co\/index.php\/wp-json\/wp\/v2\/media?parent=1193"}],"curies":[{"name":"wp","href":"https:\/\/api.w.org\/{rel}","templated":true}]}}