{"id":1092,"date":"2016-02-10T07:06:04","date_gmt":"2016-02-10T07:06:04","guid":{"rendered":"https:\/\/smartyschool.stylemixthemes.com\/?page_id=1092"},"modified":"2025-09-22T19:02:30","modified_gmt":"2025-09-23T00:02:30","slug":"prematricula","status":"publish","type":"page","link":"https:\/\/cooperdomo.edu.co\/index.php\/prematricula\/","title":{"rendered":"Prematr\u00edcula"},"content":{"rendered":"<div class=\"wpb-content-wrapper\"><p>[vc_row full_width=&#8221;stretch_row&#8221; css=&#8221;.vc_custom_1727485986019{padding-top: 50px !important;background-color: #f8f8f8 !important;}&#8221;][vc_column][vc_column_text css=&#8221;.vc_custom_1729132060477{margin-top: 20px !important;margin-right: 20px !important;margin-bottom: 20px !important;margin-left: 20px !important;padding-top: 10px !important;padding-right: 10px !important;padding-bottom: 10px !important;padding-left: 10px !important;background-color: #81d742 !important;}&#8221;]<\/p>\n<p style=\"text-align: center;\"><strong><span style=\"color: #003300;\">Proceso de Prematr\u00edcula, aplica para estudiantes antiguos.<\/span><\/strong><\/p>\n<p>[\/vc_column_text][stm_title title_tag=&#8221;h2&#8243; title_align=&#8221;center&#8221; sep_enable=&#8221;true&#8221; subtitle_enable=&#8221;true&#8221; title=&#8221;Prematr\u00edcula 2026&#8243; subtitle_font_size=&#8221;18px&#8221; subtitle_margin_b=&#8221;43px&#8221; sep_margin_b=&#8221;52px&#8221;]Actualiza y separa tu cupo en nuestra instituci\u00f3n para el 2026.[\/stm_title][vc_text_separator title=&#8221;\u00a1Tenga en cuenta!&#8221; color=&#8221;orange&#8221; css=&#8221;&#8221;][vc_column_text css=&#8221;.vc_custom_1727485387302{padding-top: 10px !important;padding-bottom: 10px !important;background-color: #eeee22 !important;}&#8221;]<\/p>\n<p style=\"text-align: center;\"><strong><span style=\"font-size: 10pt;\">*Recuerda que si no haces la actualizaci\u00f3n y entrega de la documentaci\u00f3n, se asume que no continuar\u00e1 con el cupo y se dispondr\u00e1 del mismo.<\/span><\/strong><\/p>\n<p>[\/vc_column_text][vc_column_text css=&#8221;.vc_custom_1758585537501{padding-top: 10px !important;padding-right: 10px !important;padding-bottom: 10px !important;padding-left: 10px !important;background-color: #dd3333 !important;}&#8221;]<\/p>\n<p style=\"text-align: center;\"><span style=\"color: #ffffff;\"><strong>Se\u00f1or padre de Familia o Acudiente: <\/strong>Importancia del diligenciamiento de la Prematr\u00edcula.<\/span><\/p>\n<p>[\/vc_column_text][vc_column_text css=&#8221;.vc_custom_1758584123123{padding-top: 10px !important;padding-right: 10px !important;padding-bottom: 10px !important;padding-left: 10px !important;background-color: #81d742 !important;}&#8221;]<\/p>\n<blockquote>\n<p><span style=\"color: #000000; font-size: 16px;\"><strong>Reservar el cupo del estudiante para el a\u00f1o 2026<\/strong>, hasta el momento de la matr\u00edcula en el mes de diciembre de 2025.<\/span><\/p>\n<p><span style=\"color: #000000; font-size: 16px;\"><strong>Actualizar la informaci\u00f3n del estudiante<\/strong>, padres de familia, acudiente y asociado, para los soportes ante Secretar\u00eda de Educaci\u00f3n, entidades educativas y Supersolidaria.<\/span><\/p>\n<\/blockquote>\n<p>[\/vc_column_text][vc_icon icon_fontawesome=&#8221;stm-icon stm-icon-pc&#8221; color=&#8221;grey&#8221; background_style=&#8221;rounded&#8221; background_color=&#8221;green&#8221; align=&#8221;center&#8221; css=&#8221;&#8221;][vc_column_text css=&#8221;&#8221;]<\/p>\n<p style=\"text-align: center;\"><span style=\"font-size: 20px; color: #ff0000;\"><strong>\u00a1Nos actualizamos! Ahora el proceso ser\u00e1 virtual.<\/strong><\/span><\/p>\n<p>[\/vc_column_text][vc_column_text css=&#8221;&#8221;]<\/p>\n<p style=\"text-align: center;\">A continuaci\u00f3n, se da el paso a paso para ingresar a la plataforma que se utilizar\u00e1 como herramienta virtual para el diligenciamiento y actualizaci\u00f3n del formulario de prematricula y Sarlaft, es de car\u00e1cter obligatorio.<\/p>\n<p>[\/vc_column_text][vc_row_inner css=&#8221;.vc_custom_1455093758686{padding-bottom: 60px !important;}&#8221;][vc_column_inner width=&#8221;1\/3&#8243; offset=&#8221;vc_col-lg-4 vc_col-md-4&#8243;][stm_icon_box view_style=&#8221;style-4&#8243; icon_type=&#8221;img&#8221; icon_position=&#8221;top&#8221; icon_color=&#8221;custom&#8221; title=&#8221;Instructivo Digital Prematr\u00edcula&#8221; descr=&#8221;Revisa el siguiente paso a paso para conocer el proceso de prematr\u00edcula digital.&#8221; button_enable=&#8221;true&#8221; icon_size=&#8221;61px&#8221; css=&#8221;.vc_custom_1758585603497{margin-right: -10px !important;margin-bottom: 30px !important;}&#8221; img_id=&#8221;3355&#8243; icon_color_custom=&#8221;#81d742&#8243; button_text=&#8221;Instructivo&#8221; button_link=&#8221;url:https%3A%2F%2Fcooperdomo.edu.co%2Fwp-content%2Fuploads%2F2025%2F09%2FINSTRUCTIVO-PASO-A-PASO-PREMATRICULA-COOPERDOMO-2026.pdf|target:_blank&#8221;][\/vc_column_inner][vc_column_inner width=&#8221;1\/3&#8243;][stm_icon_box view_style=&#8221;style-4&#8243; icon_type=&#8221;img&#8221; icon_position=&#8221;top&#8221; icon_color=&#8221;custom&#8221; title=&#8221;Ingresa a la Plataforma Educativa&#8221; button_enable=&#8221;true&#8221; icon_size=&#8221;61px&#8221; css=&#8221;.vc_custom_1758585795936{margin-right: -10px !important;margin-bottom: 30px !important;}&#8221; img_id=&#8221;4298&#8243; icon_color_custom=&#8221;#81d742&#8243; descr=&#8221;Diligencia el formulario en la plataforma educativa dando clic en el siguiente enlace.&#8221; button_text=&#8221;Ingresa aqu\u00ed&#8221; button_link=&#8221;url:https%3A%2F%2Fseinotas.callsystem.com.co%2F|target:_blank&#8221;][\/vc_column_inner][vc_column_inner width=&#8221;1\/3&#8243; offset=&#8221;vc_col-lg-4 vc_col-md-4&#8243;][stm_icon_box view_style=&#8221;style-4&#8243; icon_type=&#8221;img&#8221; icon_position=&#8221;top&#8221; icon_color=&#8221;custom&#8221; title=&#8221;Entrega de documentaci\u00f3n&#8221; descr=&#8221;<b>Una vez diligenciado llos formularios en Plataforma Educativa debes:<\/b>,<\/p>\n<p>Imprimir los formularios y entregar firmados al Director de grupo a m\u00e1s tardar el 15 de octubre del 2025 con la siguiente documentaci\u00f3n:<\/p>\n<p>1. Fotocopia del registro civil y\/o fotocopia del documento de identificaci\u00f3n (TI).<br \/>\n2. Certificaci\u00f3n de afiliaci\u00f3n a la EPS.<br \/>\n3. Certificado m\u00e9dico expedido&#8221; button_enable=&#8221;true&#8221; icon_size=&#8221;61px&#8221; css=&#8221;.vc_custom_1758584853279{margin-right: -5px !important;margin-bottom: 30px !important;margin-left: -5px !important;}&#8221; img_id=&#8221;4298&#8243; icon_color_custom=&#8221;#81d742&#8243;][\/vc_column_inner][\/vc_row_inner][vc_row_inner][vc_column_inner][stm_text_box title_tag=&#8221;h5&#8243; title=&#8221;Documentos Requeridos&#8221; css=&#8221;.vc_custom_1758585101426{background-color: #81d742 !important;}&#8221;]1. Fotocopia del registro civil y\/o fotocopia del documento de identificaci\u00f3n (TI).<\/p>\n<p>2. Certificaci\u00f3n de afiliaci\u00f3n a la EPS.<\/p>\n<p>3. Certificado m\u00e9dico expedido por la EPS.[\/stm_text_box][\/vc_column_inner][\/vc_row_inner][vc_column_text css=&#8221;.vc_custom_1758585357108{padding-top: 50px !important;padding-right: 50px !important;padding-bottom: 50px !important;padding-left: 50px !important;background-color: #eeee22 !important;}&#8221;]<\/p>\n<p style=\"text-align: left;\"><strong>El no diligenciamiento oportuno de la prematricula<\/strong>, indica la decisi\u00f3n de NO continuar en el colegio. <strong>La plataforma estar\u00e1 habilitada desde el 21 de septiembre a las 6:00 a.m. hasta el 14 de octubre a las 6:00 p.m.<\/strong>, si al finalizar los tiempos establecidos no hace el diligenciamiento se dispondr\u00e1 del cupo.<\/p>\n<p style=\"text-align: left;\"><strong>La pre-matr\u00edcula solamente reserva el cupo hasta el 30 de noviembre del 2025<\/strong>, quien NO asista a la matr\u00edcula en diciembre seg\u00fan el cronograma, el colegio no tendr\u00e1 obligaci\u00f3n alguna de guardar el cupo.<\/p>\n<p>[\/vc_column_text][\/vc_column][\/vc_row][vc_row full_width=&#8221;stretch_row&#8221; css=&#8221;.vc_custom_1568120764481{margin-bottom: 0px !important;padding-top: 38px !important;padding-bottom: 30px !important;background-color: #f8f8f8 !important;}&#8221;][vc_column][stm_title title_tag=&#8221;h2&#8243; sep_enable=&#8221;true&#8221; title=&#8221;Contacta a nuestra asesora de Prematr\u00edcula&#8221; sep_margin_b=&#8221;50px&#8221;][\/stm_title][vc_row_inner][vc_column_inner offset=&#8221;vc_col-lg-4 vc_col-md-5&#8243;][stm_contact_person img_id=&#8221;5333&#8243; name=&#8221;Dorys Elena Vinasco Salazar&#8221; question=&#8221;Secretar\u00eda Acad\u00e9mica&#8221; tel=&#8221;+57 322 6820372&#8243; email=&#8221;secretaria.academica@cooperdomo.edu.co&#8221; css=&#8221;.vc_custom_1727295583174{margin-bottom: 50px !important;}&#8221;][\/vc_column_inner][vc_column_inner offset=&#8221;vc_col-lg-8 vc_col-md-7&#8243;][\/vc_column_inner][\/vc_row_inner][\/vc_column][\/vc_row]<\/p>\n<\/div>","protected":false},"excerpt":{"rendered":"<p>[vc_row full_width=&#8221;stretch_row&#8221; css=&#8221;.vc_custom_1727485986019{padding-top: 50px !important;background-color: #f8f8f8 !important;}&#8221;][vc_column][vc_column_text css=&#8221;.vc_custom_1729132060477{margin-top: 20px !important;margin-right: 20px !important;margin-bottom: 20px !important;margin-left: 20px !important;padding-top: 10px !important;padding-right: 10px !important;padding-bottom: 10px !important;padding-left: 10px !important;background-color: #81d742 !important;}&#8221;] Proceso de Prematr\u00edcula, aplica para estudiantes antiguos. [\/vc_column_text][stm_title title_tag=&#8221;h2&#8243; title_align=&#8221;center&#8221; sep_enable=&#8221;true&#8221; subtitle_enable=&#8221;true&#8221; title=&#8221;Prematr\u00edcula 2026&#8243; subtitle_font_size=&#8221;18px&#8221; subtitle_margin_b=&#8221;43px&#8221; sep_margin_b=&#8221;52px&#8221;]Actualiza y separa tu cupo en nuestra instituci\u00f3n para el 2026.[\/stm_title][vc_text_separator title=&#8221;\u00a1Tenga en [&hellip;]<\/p>\n","protected":false},"author":1,"featured_media":0,"parent":0,"menu_order":0,"comment_status":"closed","ping_status":"closed","template":"","meta":{"footnotes":""},"class_list":["post-1092","page","type-page","status-publish","hentry"],"_links":{"self":[{"href":"https:\/\/cooperdomo.edu.co\/index.php\/wp-json\/wp\/v2\/pages\/1092","targetHints":{"allow":["GET"]}}],"collection":[{"href":"https:\/\/cooperdomo.edu.co\/index.php\/wp-json\/wp\/v2\/pages"}],"about":[{"href":"https:\/\/cooperdomo.edu.co\/index.php\/wp-json\/wp\/v2\/types\/page"}],"author":[{"embeddable":true,"href":"https:\/\/cooperdomo.edu.co\/index.php\/wp-json\/wp\/v2\/users\/1"}],"replies":[{"embeddable":true,"href":"https:\/\/cooperdomo.edu.co\/index.php\/wp-json\/wp\/v2\/comments?post=1092"}],"version-history":[{"count":52,"href":"https:\/\/cooperdomo.edu.co\/index.php\/wp-json\/wp\/v2\/pages\/1092\/revisions"}],"predecessor-version":[{"id":6806,"href":"https:\/\/cooperdomo.edu.co\/index.php\/wp-json\/wp\/v2\/pages\/1092\/revisions\/6806"}],"wp:attachment":[{"href":"https:\/\/cooperdomo.edu.co\/index.php\/wp-json\/wp\/v2\/media?parent=1092"}],"curies":[{"name":"wp","href":"https:\/\/api.w.org\/{rel}","templated":true}]}}